{"id":33,"date":"2022-10-25T10:34:22","date_gmt":"2022-10-25T10:34:22","guid":{"rendered":"https:\/\/wp.avigmbh.de\/?page_id=33"},"modified":"2024-01-24T08:54:45","modified_gmt":"2024-01-24T08:54:45","slug":"impressum","status":"publish","type":"page","link":"https:\/\/www.avigmbh.de\/index.php\/impressum\/","title":{"rendered":"Impressum"},"content":{"rendered":"\t\t<div data-elementor-type=\"wp-page\" data-elementor-id=\"33\" class=\"elementor elementor-33\">\n\t\t\t\t\t\t<section class=\"elementor-section elementor-top-section elementor-element elementor-element-143b78a elementor-section-boxed elementor-section-height-default elementor-section-height-default\" data-id=\"143b78a\" data-element_type=\"section\" data-e-type=\"section\">\n\t\t\t\t\t\t<div class=\"elementor-container elementor-column-gap-default\">\n\t\t\t\t\t<div class=\"elementor-column elementor-col-100 elementor-top-column elementor-element elementor-element-24bb247\" data-id=\"24bb247\" data-element_type=\"column\" data-e-type=\"column\">\n\t\t\t<div class=\"elementor-widget-wrap elementor-element-populated\">\n\t\t\t\t\t\t<div class=\"elementor-element elementor-element-5cea7cf elementor-widget elementor-widget-heading\" data-id=\"5cea7cf\" data-element_type=\"widget\" data-e-type=\"widget\" data-widget_type=\"heading.default\">\n\t\t\t\t<div class=\"elementor-widget-container\">\n\t\t\t\t\t<h2 class=\"elementor-heading-title elementor-size-default\">Impressum<\/h2>\t\t\t\t<\/div>\n\t\t\t\t<\/div>\n\t\t\t\t\t<\/div>\n\t\t<\/div>\n\t\t\t\t\t<\/div>\n\t\t<\/section>\n\t\t\t\t<section class=\"elementor-section elementor-top-section elementor-element elementor-element-65aa0c4 elementor-section-boxed elementor-section-height-default elementor-section-height-default\" data-id=\"65aa0c4\" data-element_type=\"section\" data-e-type=\"section\">\n\t\t\t\t\t\t<div class=\"elementor-container elementor-column-gap-default\">\n\t\t\t\t\t<div class=\"elementor-column elementor-col-100 elementor-top-column elementor-element elementor-element-148576d\" data-id=\"148576d\" data-element_type=\"column\" data-e-type=\"column\">\n\t\t\t<div class=\"elementor-widget-wrap elementor-element-populated\">\n\t\t\t\t\t\t<div class=\"elementor-element elementor-element-8e4b8b8 elementor-widget elementor-widget-text-editor\" data-id=\"8e4b8b8\" data-element_type=\"widget\" data-e-type=\"widget\" data-widget_type=\"text-editor.default\">\n\t\t\t\t<div class=\"elementor-widget-container\">\n\t\t\t\t\t\t\t\t\t<section class=\"elementor-section elementor-top-section elementor-element elementor-element-da9de8b elementor-section-boxed elementor-section-height-default elementor-section-height-default\" data-id=\"da9de8b\" data-element_type=\"section\"><div class=\"elementor-container elementor-column-gap-default\"><div class=\"elementor-column elementor-col-100 elementor-top-column elementor-element elementor-element-c88ad7d\" data-id=\"c88ad7d\" data-element_type=\"column\"><div class=\"elementor-widget-wrap elementor-element-populated\"><div class=\"elementor-element elementor-element-e9d5a73 elementor-widget elementor-widget-text-editor\" data-id=\"e9d5a73\" data-element_type=\"widget\" data-widget_type=\"text-editor.default\"><div class=\"elementor-widget-container\"><p>Firmenname:<\/p><p>AVi GmbH<br \/>Ligusterweg 6<br \/>63811 Stockstadt<br \/>Tel.: 06027 4039540<br \/>E-Mail: &#x69;&#110;f&#x6f;&#64;a&#x76;&#105;g&#x6d;&#98;h&#x2e;&#100;e<\/p><p>Gesch\u00e4ftsf\u00fchrer: Kurt Appel<\/p><p><span style=\"font-size: 20px; color: var( --e-global-color-text );\">Amtsgericht: Erthalstra\u00dfe 3, 63739 Aschaffenburg\u00a0 \u00a0<\/span><span style=\"font-size: 20px; color: var( --e-global-color-text );\">HRB Nr. 5664<\/span><\/p><\/div><\/div><div class=\"elementor-element elementor-element-448bf67 elementor-widget elementor-widget-text-editor\" data-id=\"448bf67\" data-element_type=\"widget\" data-widget_type=\"text-editor.default\"><div class=\"elementor-widget-container\"><p><b>Hinweis:<\/b><br \/>Mit seinem Urteil vom 12.Mai 1998 \u2013 www.online-recht.de \u2013 hat das Landgericht Hamburg entschieden, <br \/>dass man durch das Verwenden von Links, die Inhalte der gelinkten Seiten ggf. mit zu verantworten hat. <br \/>Der Webmaster dieser Site hat keinerlei Einfluss auf die Gestaltung der gelinkten Seiten und distanziert<br \/>sich deswegen ausdr\u00fccklich von allen dortigen Inhalten. Auch f\u00fcr alle anderen Links, die auf den Seiten <br \/>des Webmasters zu finden sind, gilt das oben gesagte. Der Webmaster erkl\u00e4rt sich daher ausschlie\u00dflich <br \/>f\u00fcr die Webseiten verantwortlich, aus denen seine Homepage besteht, deren Gestaltung und Inhalt er <br \/>beeinflussen kann.<\/p><\/div><\/div><\/div><\/div><\/div><\/section>\t\t\t\t\t\t\t\t<\/div>\n\t\t\t\t<\/div>\n\t\t\t\t\t<\/div>\n\t\t<\/div>\n\t\t\t\t\t<\/div>\n\t\t<\/section>\n\t\t\t\t<\/div>\n\t\t","protected":false},"excerpt":{"rendered":"<p>Impressum Firmenname: AVi GmbHLigusterweg 663811 StockstadtTel.: 06027 4039540E-Mail: info&#64;avigmbh&#46;&#100;&#101; Gesch\u00e4ftsf\u00fchrer: Kurt Appel Amtsgericht: Erthalstra\u00dfe 3, 63739 Aschaffenburg\u00a0 \u00a0HRB Nr. 5664 Hinweis:Mit seinem Urteil vom 12.Mai 1998 \u2013 www.online-recht.de \u2013 hat das Landgericht Hamburg entschieden, dass man durch das Verwenden von Links, die Inhalte der gelinkten Seiten ggf. mit zu verantworten hat. Der Webmaster dieser Site [&hellip;]<\/p>\n","protected":false},"author":1,"featured_media":0,"parent":0,"menu_order":0,"comment_status":"closed","ping_status":"closed","template":"","meta":{"footnotes":""},"class_list":["post-33","page","type-page","status-publish","hentry","entry"],"yoast_head":"<!-- This site is optimized with the Yoast SEO plugin v27.5 - https:\/\/yoast.com\/product\/yoast-seo-wordpress\/ -->\n<title>Impressum - AVI GMBH<\/title>\n<meta name=\"robots\" content=\"index, follow, max-snippet:-1, max-image-preview:large, max-video-preview:-1\" \/>\n<link rel=\"canonical\" href=\"https:\/\/www.avigmbh.de\/index.php\/impressum\/\" \/>\n<meta property=\"og:locale\" content=\"de_DE\" \/>\n<meta property=\"og:type\" content=\"article\" \/>\n<meta property=\"og:title\" content=\"Impressum - AVI GMBH\" \/>\n<meta property=\"og:description\" content=\"Impressum Firmenname: AVi GmbHLigusterweg 663811 StockstadtTel.: 06027 4039540E-Mail: info&#064;avi&#103;&#109;&#098;&#104;&#046;&#100;&#101; Gesch\u00e4ftsf\u00fchrer: Kurt Appel Amtsgericht: Erthalstra\u00dfe 3, 63739 Aschaffenburg\u00a0 \u00a0HRB Nr. 5664 Hinweis:Mit seinem Urteil vom 12.Mai 1998 \u2013 www.online-recht.de \u2013 hat das Landgericht Hamburg entschieden, dass man durch das Verwenden von Links, die Inhalte der gelinkten Seiten ggf. mit zu verantworten hat. Der Webmaster dieser Site [&hellip;]\" \/>\n<meta property=\"og:url\" content=\"https:\/\/www.avigmbh.de\/index.php\/impressum\/\" \/>\n<meta property=\"og:site_name\" content=\"AVI GMBH\" \/>\n<meta property=\"article:modified_time\" content=\"2024-01-24T08:54:45+00:00\" \/>\n<meta name=\"twitter:card\" content=\"summary_large_image\" \/>\n<meta name=\"twitter:label1\" content=\"Gesch\u00e4tzte Lesezeit\" \/>\n\t<meta name=\"twitter:data1\" content=\"2\u00a0Minuten\" \/>\n<script type=\"application\/ld+json\" class=\"yoast-schema-graph\">{\"@context\":\"https:\\\/\\\/schema.org\",\"@graph\":[{\"@type\":\"WebPage\",\"@id\":\"https:\\\/\\\/www.avigmbh.de\\\/index.php\\\/impressum\\\/\",\"url\":\"https:\\\/\\\/www.avigmbh.de\\\/index.php\\\/impressum\\\/\",\"name\":\"Impressum - AVI GMBH\",\"isPartOf\":{\"@id\":\"https:\\\/\\\/www.avigmbh.de\\\/#website\"},\"datePublished\":\"2022-10-25T10:34:22+00:00\",\"dateModified\":\"2024-01-24T08:54:45+00:00\",\"breadcrumb\":{\"@id\":\"https:\\\/\\\/www.avigmbh.de\\\/index.php\\\/impressum\\\/#breadcrumb\"},\"inLanguage\":\"de\",\"potentialAction\":[{\"@type\":\"ReadAction\",\"target\":[\"https:\\\/\\\/www.avigmbh.de\\\/index.php\\\/impressum\\\/\"]}]},{\"@type\":\"BreadcrumbList\",\"@id\":\"https:\\\/\\\/www.avigmbh.de\\\/index.php\\\/impressum\\\/#breadcrumb\",\"itemListElement\":[{\"@type\":\"ListItem\",\"position\":1,\"name\":\"Startseite\",\"item\":\"https:\\\/\\\/www.avigmbh.de\\\/\"},{\"@type\":\"ListItem\",\"position\":2,\"name\":\"Impressum\"}]},{\"@type\":\"WebSite\",\"@id\":\"https:\\\/\\\/www.avigmbh.de\\\/#website\",\"url\":\"https:\\\/\\\/www.avigmbh.de\\\/\",\"name\":\"AVI GMBH\",\"description\":\"Dienstleistungen f\u00fcr Unternehmen\",\"publisher\":{\"@id\":\"https:\\\/\\\/www.avigmbh.de\\\/#organization\"},\"potentialAction\":[{\"@type\":\"SearchAction\",\"target\":{\"@type\":\"EntryPoint\",\"urlTemplate\":\"https:\\\/\\\/www.avigmbh.de\\\/?s={search_term_string}\"},\"query-input\":{\"@type\":\"PropertyValueSpecification\",\"valueRequired\":true,\"valueName\":\"search_term_string\"}}],\"inLanguage\":\"de\"},{\"@type\":\"Organization\",\"@id\":\"https:\\\/\\\/www.avigmbh.de\\\/#organization\",\"name\":\"AVI GMBH\",\"url\":\"https:\\\/\\\/www.avigmbh.de\\\/\",\"logo\":{\"@type\":\"ImageObject\",\"inLanguage\":\"de\",\"@id\":\"https:\\\/\\\/www.avigmbh.de\\\/#\\\/schema\\\/logo\\\/image\\\/\",\"url\":\"https:\\\/\\\/www.avigmbh.de\\\/wp-content\\\/uploads\\\/2022\\\/11\\\/cropped-Avi-Logo-512px.png\",\"contentUrl\":\"https:\\\/\\\/www.avigmbh.de\\\/wp-content\\\/uploads\\\/2022\\\/11\\\/cropped-Avi-Logo-512px.png\",\"width\":512,\"height\":179,\"caption\":\"AVI GMBH\"},\"image\":{\"@id\":\"https:\\\/\\\/www.avigmbh.de\\\/#\\\/schema\\\/logo\\\/image\\\/\"}}]}<\/script>\n<!-- \/ Yoast SEO plugin. -->","yoast_head_json":{"title":"Impressum - AVI GMBH","robots":{"index":"index","follow":"follow","max-snippet":"max-snippet:-1","max-image-preview":"max-image-preview:large","max-video-preview":"max-video-preview:-1"},"canonical":"https:\/\/www.avigmbh.de\/index.php\/impressum\/","og_locale":"de_DE","og_type":"article","og_title":"Impressum - AVI GMBH","og_description":"Impressum Firmenname: AVi GmbHLigusterweg 663811 StockstadtTel.: 06027 4039540E-Mail: info&#64;avi&#103;&#109;&#98;&#104;&#46;&#100;&#101; Gesch\u00e4ftsf\u00fchrer: Kurt Appel Amtsgericht: Erthalstra\u00dfe 3, 63739 Aschaffenburg\u00a0 \u00a0HRB Nr. 5664 Hinweis:Mit seinem Urteil vom 12.Mai 1998 \u2013 www.online-recht.de \u2013 hat das Landgericht Hamburg entschieden, dass man durch das Verwenden von Links, die Inhalte der gelinkten Seiten ggf. mit zu verantworten hat. Der Webmaster dieser Site [&hellip;]","og_url":"https:\/\/www.avigmbh.de\/index.php\/impressum\/","og_site_name":"AVI GMBH","article_modified_time":"2024-01-24T08:54:45+00:00","twitter_card":"summary_large_image","twitter_misc":{"Gesch\u00e4tzte Lesezeit":"2\u00a0Minuten"},"schema":{"@context":"https:\/\/schema.org","@graph":[{"@type":"WebPage","@id":"https:\/\/www.avigmbh.de\/index.php\/impressum\/","url":"https:\/\/www.avigmbh.de\/index.php\/impressum\/","name":"Impressum - AVI GMBH","isPartOf":{"@id":"https:\/\/www.avigmbh.de\/#website"},"datePublished":"2022-10-25T10:34:22+00:00","dateModified":"2024-01-24T08:54:45+00:00","breadcrumb":{"@id":"https:\/\/www.avigmbh.de\/index.php\/impressum\/#breadcrumb"},"inLanguage":"de","potentialAction":[{"@type":"ReadAction","target":["https:\/\/www.avigmbh.de\/index.php\/impressum\/"]}]},{"@type":"BreadcrumbList","@id":"https:\/\/www.avigmbh.de\/index.php\/impressum\/#breadcrumb","itemListElement":[{"@type":"ListItem","position":1,"name":"Startseite","item":"https:\/\/www.avigmbh.de\/"},{"@type":"ListItem","position":2,"name":"Impressum"}]},{"@type":"WebSite","@id":"https:\/\/www.avigmbh.de\/#website","url":"https:\/\/www.avigmbh.de\/","name":"AVI GMBH","description":"Dienstleistungen f\u00fcr Unternehmen","publisher":{"@id":"https:\/\/www.avigmbh.de\/#organization"},"potentialAction":[{"@type":"SearchAction","target":{"@type":"EntryPoint","urlTemplate":"https:\/\/www.avigmbh.de\/?s={search_term_string}"},"query-input":{"@type":"PropertyValueSpecification","valueRequired":true,"valueName":"search_term_string"}}],"inLanguage":"de"},{"@type":"Organization","@id":"https:\/\/www.avigmbh.de\/#organization","name":"AVI GMBH","url":"https:\/\/www.avigmbh.de\/","logo":{"@type":"ImageObject","inLanguage":"de","@id":"https:\/\/www.avigmbh.de\/#\/schema\/logo\/image\/","url":"https:\/\/www.avigmbh.de\/wp-content\/uploads\/2022\/11\/cropped-Avi-Logo-512px.png","contentUrl":"https:\/\/www.avigmbh.de\/wp-content\/uploads\/2022\/11\/cropped-Avi-Logo-512px.png","width":512,"height":179,"caption":"AVI GMBH"},"image":{"@id":"https:\/\/www.avigmbh.de\/#\/schema\/logo\/image\/"}}]}},"_links":{"self":[{"href":"https:\/\/www.avigmbh.de\/index.php\/wp-json\/wp\/v2\/pages\/33","targetHints":{"allow":["GET"]}}],"collection":[{"href":"https:\/\/www.avigmbh.de\/index.php\/wp-json\/wp\/v2\/pages"}],"about":[{"href":"https:\/\/www.avigmbh.de\/index.php\/wp-json\/wp\/v2\/types\/page"}],"author":[{"embeddable":true,"href":"https:\/\/www.avigmbh.de\/index.php\/wp-json\/wp\/v2\/users\/1"}],"replies":[{"embeddable":true,"href":"https:\/\/www.avigmbh.de\/index.php\/wp-json\/wp\/v2\/comments?post=33"}],"version-history":[{"count":22,"href":"https:\/\/www.avigmbh.de\/index.php\/wp-json\/wp\/v2\/pages\/33\/revisions"}],"predecessor-version":[{"id":914,"href":"https:\/\/www.avigmbh.de\/index.php\/wp-json\/wp\/v2\/pages\/33\/revisions\/914"}],"wp:attachment":[{"href":"https:\/\/www.avigmbh.de\/index.php\/wp-json\/wp\/v2\/media?parent=33"}],"curies":[{"name":"wp","href":"https:\/\/api.w.org\/{rel}","templated":true}]}}